{"id":2,"date":"2016-05-10T03:48:21","date_gmt":"2016-05-10T03:48:21","guid":{"rendered":"http:\/\/judithkonig.de\/?page_id=2"},"modified":"2021-07-25T08:09:31","modified_gmt":"2021-07-25T08:09:31","slug":"sample-page","status":"publish","type":"page","link":"https:\/\/judithkonig.de\/","title":{"rendered":"Welcome"},"content":{"rendered":"<p>Willkommen! Sch\u00f6n, dass Sie hier sind.<\/p>\n<p>Ich hei\u00dfe Judith K\u00f6nig und das ist meine kleine Website, die haupts\u00e4chlich zur Kontaktaufnahme dient. Denn als leidenschaftliche Marketerin bleibt nur wenig Zeit f\u00fcr die Fotografie, die eher Hobby geworden ist. Trotzdem &#8211; mein Herz schl\u00e4gt noch immer auch f\u00fcr Fotografie und Fotoredaktion.<\/p>\n<p>Am besten erreichen Sie mich per E-Mail: foto(at)judithkonig.de.<\/p>\n","protected":false},"excerpt":{"rendered":"<p>Willkommen! Sch\u00f6n, dass Sie hier sind. Ich hei\u00dfe Judith K\u00f6nig und das ist meine kleine Website, die haupts\u00e4chlich zur Kontaktaufnahme dient. Denn als leidenschaftliche Marketerin bleibt nur wenig Zeit f\u00fcr die Fotografie, die eher Hobby geworden ist. Trotzdem &#8211; mein Herz schl\u00e4gt noch immer auch f\u00fcr Fotografie und Fotoredaktion. Am besten erreichen Sie mich per &hellip; <\/p>\n<p class=\"link-more\"><a href=\"https:\/\/judithkonig.de\/\" class=\"more-link\"><span class=\"screen-reader-text\">\u201eWelcome\u201c<\/span> weiterlesen<\/a><\/p>\n","protected":false},"author":1,"featured_media":0,"parent":0,"menu_order":0,"comment_status":"closed","ping_status":"closed","template":"","meta":{"footnotes":""},"class_list":["post-2","page","type-page","status-publish","hentry"],"_links":{"self":[{"href":"https:\/\/judithkonig.de\/index.php?rest_route=\/wp\/v2\/pages\/2","targetHints":{"allow":["GET"]}}],"collection":[{"href":"https:\/\/judithkonig.de\/index.php?rest_route=\/wp\/v2\/pages"}],"about":[{"href":"https:\/\/judithkonig.de\/index.php?rest_route=\/wp\/v2\/types\/page"}],"author":[{"embeddable":true,"href":"https:\/\/judithkonig.de\/index.php?rest_route=\/wp\/v2\/users\/1"}],"replies":[{"embeddable":true,"href":"https:\/\/judithkonig.de\/index.php?rest_route=%2Fwp%2Fv2%2Fcomments&post=2"}],"version-history":[{"count":8,"href":"https:\/\/judithkonig.de\/index.php?rest_route=\/wp\/v2\/pages\/2\/revisions"}],"predecessor-version":[{"id":74,"href":"https:\/\/judithkonig.de\/index.php?rest_route=\/wp\/v2\/pages\/2\/revisions\/74"}],"wp:attachment":[{"href":"https:\/\/judithkonig.de\/index.php?rest_route=%2Fwp%2Fv2%2Fmedia&parent=2"}],"curies":[{"name":"wp","href":"https:\/\/api.w.org\/{rel}","templated":true}]}}